{"id":10,"date":"2024-03-28T12:34:58","date_gmt":"2024-03-28T12:34:58","guid":{"rendered":"https:\/\/verrebeldi.fr\/?page_id=10"},"modified":"2025-07-23T11:25:05","modified_gmt":"2025-07-23T11:25:05","slug":"verre-beldi","status":"publish","type":"page","link":"https:\/\/verrebeldi.fr\/es\/","title":{"rendered":"Vidrio Beldi"},"content":{"rendered":"","protected":false},"excerpt":{"rendered":"","protected":false},"author":1,"featured_media":1026,"parent":0,"menu_order":0,"comment_status":"closed","ping_status":"closed","template":"","meta":{"_monsterinsights_skip_tracking":false,"_monsterinsights_sitenote_active":false,"_monsterinsights_sitenote_note":"","_monsterinsights_sitenote_category":0,"footnotes":""},"class_list":["post-10","page","type-page","status-publish","has-post-thumbnail","czr-hentry"],"yoast_head":"<!-- This site is optimized with the Yoast SEO plugin v27.4 - https:\/\/yoast.com\/product\/yoast-seo-wordpress\/ -->\n<title>Le Verre Beldi en France | + de 50 r\u00e9f\u00e9rences disponibles<\/title>\n<meta name=\"description\" content=\"Le Verre Beldi en France | L&#039;authentique Verre Beldi souffl\u00e9 \u00e0 la bouche \u00e0 Marrakech | Livraison sous 72h par Colissimo ou Mondial Relay\" \/>\n<meta name=\"robots\" content=\"index, follow, max-snippet:-1, max-image-preview:large, max-video-preview:-1\" \/>\n<link rel=\"canonical\" href=\"https:\/\/verrebeldi.fr\/es\/\" \/>\n<meta property=\"og:locale\" content=\"es_ES\" \/>\n<meta property=\"og:type\" content=\"article\" \/>\n<meta property=\"og:title\" content=\"Le Verre Beldi en France \ud83c\uddeb\ud83c\uddf7\" \/>\n<meta property=\"og:description\" content=\"Le Verre Beldi en France | L&#039;authentique Verre Beldi souffl\u00e9 \u00e0 la bouche \u00e0 Marrakech | Livraison sous 72h par Colissimo ou Mondial Relay\" \/>\n<meta property=\"og:url\" content=\"https:\/\/verrebeldi.fr\/es\/\" \/>\n<meta property=\"og:site_name\" content=\"Le Verre Beldi en France\" \/>\n<meta property=\"article:modified_time\" content=\"2025-07-23T11:25:05+00:00\" \/>\n<meta property=\"og:image\" content=\"http:\/\/verrebeldi.fr\/wp-content\/uploads\/2024\/08\/PBOK-1-e1722509722226.jpg\" \/>\n\t<meta property=\"og:image:width\" content=\"1280\" \/>\n\t<meta property=\"og:image:height\" content=\"1280\" \/>\n\t<meta property=\"og:image:type\" content=\"image\/jpeg\" \/>\n<meta name=\"twitter:card\" content=\"summary_large_image\" \/>\n<meta name=\"twitter:label1\" content=\"Tiempo de lectura\" \/>\n\t<meta name=\"twitter:data1\" content=\"3 minutos\" \/>\n<script type=\"application\/ld+json\" class=\"yoast-schema-graph\">{\"@context\":\"https:\\\/\\\/schema.org\",\"@graph\":[{\"@type\":\"WebPage\",\"@id\":\"https:\\\/\\\/verrebeldi.fr\\\/\",\"url\":\"https:\\\/\\\/verrebeldi.fr\\\/\",\"name\":\"Le Verre Beldi en France | + de 50 r\u00e9f\u00e9rences disponibles\",\"isPartOf\":{\"@id\":\"https:\\\/\\\/verrebeldi.fr\\\/#website\"},\"primaryImageOfPage\":{\"@id\":\"https:\\\/\\\/verrebeldi.fr\\\/#primaryimage\"},\"image\":{\"@id\":\"https:\\\/\\\/verrebeldi.fr\\\/#primaryimage\"},\"thumbnailUrl\":\"https:\\\/\\\/verrebeldi.fr\\\/wp-content\\\/uploads\\\/2024\\\/08\\\/PBOK-1-e1722509722226.jpg\",\"datePublished\":\"2024-03-28T12:34:58+00:00\",\"dateModified\":\"2025-07-23T11:25:05+00:00\",\"description\":\"Le Verre Beldi en France | L'authentique Verre Beldi souffl\u00e9 \u00e0 la bouche \u00e0 Marrakech | Livraison sous 72h par Colissimo ou Mondial Relay\",\"breadcrumb\":{\"@id\":\"https:\\\/\\\/verrebeldi.fr\\\/#breadcrumb\"},\"inLanguage\":\"es\",\"potentialAction\":[{\"@type\":\"ReadAction\",\"target\":[\"https:\\\/\\\/verrebeldi.fr\\\/\"]}]},{\"@type\":\"ImageObject\",\"inLanguage\":\"es\",\"@id\":\"https:\\\/\\\/verrebeldi.fr\\\/#primaryimage\",\"url\":\"https:\\\/\\\/verrebeldi.fr\\\/wp-content\\\/uploads\\\/2024\\\/08\\\/PBOK-1-e1722509722226.jpg\",\"contentUrl\":\"https:\\\/\\\/verrebeldi.fr\\\/wp-content\\\/uploads\\\/2024\\\/08\\\/PBOK-1-e1722509722226.jpg\",\"width\":1280,\"height\":1280},{\"@type\":\"BreadcrumbList\",\"@id\":\"https:\\\/\\\/verrebeldi.fr\\\/#breadcrumb\",\"itemListElement\":[{\"@type\":\"ListItem\",\"position\":1,\"name\":\"Accueil\",\"item\":\"https:\\\/\\\/verrebeldi.fr\\\/\"},{\"@type\":\"ListItem\",\"position\":2,\"name\":\"Verre Beldi\"}]},{\"@type\":\"WebSite\",\"@id\":\"https:\\\/\\\/verrebeldi.fr\\\/#website\",\"url\":\"https:\\\/\\\/verrebeldi.fr\\\/\",\"name\":\"Le Verre Beldi\",\"description\":\"\",\"publisher\":{\"@id\":\"https:\\\/\\\/verrebeldi.fr\\\/#organization\"},\"potentialAction\":[{\"@type\":\"SearchAction\",\"target\":{\"@type\":\"EntryPoint\",\"urlTemplate\":\"https:\\\/\\\/verrebeldi.fr\\\/?s={search_term_string}\"},\"query-input\":{\"@type\":\"PropertyValueSpecification\",\"valueRequired\":true,\"valueName\":\"search_term_string\"}}],\"inLanguage\":\"es\"},{\"@type\":\"Organization\",\"@id\":\"https:\\\/\\\/verrebeldi.fr\\\/#organization\",\"name\":\"Le Verre Beldi en France\",\"url\":\"https:\\\/\\\/verrebeldi.fr\\\/\",\"logo\":{\"@type\":\"ImageObject\",\"inLanguage\":\"es\",\"@id\":\"https:\\\/\\\/verrebeldi.fr\\\/#\\\/schema\\\/logo\\\/image\\\/\",\"url\":\"https:\\\/\\\/verrebeldi.fr\\\/wp-content\\\/uploads\\\/2024\\\/04\\\/cropped-cropped-BELDI-3-1-1-1.png\",\"contentUrl\":\"https:\\\/\\\/verrebeldi.fr\\\/wp-content\\\/uploads\\\/2024\\\/04\\\/cropped-cropped-BELDI-3-1-1-1.png\",\"width\":512,\"height\":205,\"caption\":\"Le Verre Beldi en France\"},\"image\":{\"@id\":\"https:\\\/\\\/verrebeldi.fr\\\/#\\\/schema\\\/logo\\\/image\\\/\"},\"sameAs\":[\"https:\\\/\\\/www.instagram.com\\\/leverrebeldi.fr\\\/\"]}]}<\/script>\n<!-- \/ Yoast SEO plugin. -->","yoast_head_json":{"title":"Beldi Glass en Francia | M\u00e1s de 50 referencias disponibles","description":"Beldi Glass en Francia | Aut\u00e9ntico Beldi Glass soplado a mano en Marrakech | Entrega en 72 horas por Colissimo o Mondial Relay","robots":{"index":"index","follow":"follow","max-snippet":"max-snippet:-1","max-image-preview":"max-image-preview:large","max-video-preview":"max-video-preview:-1"},"canonical":"https:\/\/verrebeldi.fr\/es\/","og_locale":"es_ES","og_type":"article","og_title":"Le Verre Beldi en France \ud83c\uddeb\ud83c\uddf7","og_description":"Le Verre Beldi en France | L'authentique Verre Beldi souffl\u00e9 \u00e0 la bouche \u00e0 Marrakech | Livraison sous 72h par Colissimo ou Mondial Relay","og_url":"https:\/\/verrebeldi.fr\/es\/","og_site_name":"Le Verre Beldi en France","article_modified_time":"2025-07-23T11:25:05+00:00","og_image":[{"width":1280,"height":1280,"url":"http:\/\/verrebeldi.fr\/wp-content\/uploads\/2024\/08\/PBOK-1-e1722509722226.jpg","type":"image\/jpeg"}],"twitter_card":"summary_large_image","twitter_misc":{"Tiempo de lectura":"3 minutos"},"schema":{"@context":"https:\/\/schema.org","@graph":[{"@type":"WebPage","@id":"https:\/\/verrebeldi.fr\/","url":"https:\/\/verrebeldi.fr\/","name":"Beldi Glass en Francia | M\u00e1s de 50 referencias disponibles","isPartOf":{"@id":"https:\/\/verrebeldi.fr\/#website"},"primaryImageOfPage":{"@id":"https:\/\/verrebeldi.fr\/#primaryimage"},"image":{"@id":"https:\/\/verrebeldi.fr\/#primaryimage"},"thumbnailUrl":"https:\/\/verrebeldi.fr\/wp-content\/uploads\/2024\/08\/PBOK-1-e1722509722226.jpg","datePublished":"2024-03-28T12:34:58+00:00","dateModified":"2025-07-23T11:25:05+00:00","description":"Beldi Glass en Francia | Aut\u00e9ntico Beldi Glass soplado a mano en Marrakech | Entrega en 72 horas por Colissimo o Mondial Relay","breadcrumb":{"@id":"https:\/\/verrebeldi.fr\/#breadcrumb"},"inLanguage":"es","potentialAction":[{"@type":"ReadAction","target":["https:\/\/verrebeldi.fr\/"]}]},{"@type":"ImageObject","inLanguage":"es","@id":"https:\/\/verrebeldi.fr\/#primaryimage","url":"https:\/\/verrebeldi.fr\/wp-content\/uploads\/2024\/08\/PBOK-1-e1722509722226.jpg","contentUrl":"https:\/\/verrebeldi.fr\/wp-content\/uploads\/2024\/08\/PBOK-1-e1722509722226.jpg","width":1280,"height":1280},{"@type":"BreadcrumbList","@id":"https:\/\/verrebeldi.fr\/#breadcrumb","itemListElement":[{"@type":"ListItem","position":1,"name":"Accueil","item":"https:\/\/verrebeldi.fr\/"},{"@type":"ListItem","position":2,"name":"Verre Beldi"}]},{"@type":"WebSite","@id":"https:\/\/verrebeldi.fr\/#website","url":"https:\/\/verrebeldi.fr\/","name":"Vidrio Beldi","description":"","publisher":{"@id":"https:\/\/verrebeldi.fr\/#organization"},"potentialAction":[{"@type":"SearchAction","target":{"@type":"EntryPoint","urlTemplate":"https:\/\/verrebeldi.fr\/?s={search_term_string}"},"query-input":{"@type":"PropertyValueSpecification","valueRequired":true,"valueName":"search_term_string"}}],"inLanguage":"es"},{"@type":"Organization","@id":"https:\/\/verrebeldi.fr\/#organization","name":"Beldi Glass en Francia","url":"https:\/\/verrebeldi.fr\/","logo":{"@type":"ImageObject","inLanguage":"es","@id":"https:\/\/verrebeldi.fr\/#\/schema\/logo\/image\/","url":"https:\/\/verrebeldi.fr\/wp-content\/uploads\/2024\/04\/cropped-cropped-BELDI-3-1-1-1.png","contentUrl":"https:\/\/verrebeldi.fr\/wp-content\/uploads\/2024\/04\/cropped-cropped-BELDI-3-1-1-1.png","width":512,"height":205,"caption":"Le Verre Beldi en France"},"image":{"@id":"https:\/\/verrebeldi.fr\/#\/schema\/logo\/image\/"},"sameAs":["https:\/\/www.instagram.com\/leverrebeldi.fr\/"]}]}},"jetpack_sharing_enabled":true,"_links":{"self":[{"href":"https:\/\/verrebeldi.fr\/es\/wp-json\/wp\/v2\/pages\/10","targetHints":{"allow":["GET"]}}],"collection":[{"href":"https:\/\/verrebeldi.fr\/es\/wp-json\/wp\/v2\/pages"}],"about":[{"href":"https:\/\/verrebeldi.fr\/es\/wp-json\/wp\/v2\/types\/page"}],"author":[{"embeddable":true,"href":"https:\/\/verrebeldi.fr\/es\/wp-json\/wp\/v2\/users\/1"}],"replies":[{"embeddable":true,"href":"https:\/\/verrebeldi.fr\/es\/wp-json\/wp\/v2\/comments?post=10"}],"version-history":[{"count":2,"href":"https:\/\/verrebeldi.fr\/es\/wp-json\/wp\/v2\/pages\/10\/revisions"}],"predecessor-version":[{"id":1139,"href":"https:\/\/verrebeldi.fr\/es\/wp-json\/wp\/v2\/pages\/10\/revisions\/1139"}],"wp:featuredmedia":[{"embeddable":true,"href":"https:\/\/verrebeldi.fr\/es\/wp-json\/wp\/v2\/media\/1026"}],"wp:attachment":[{"href":"https:\/\/verrebeldi.fr\/es\/wp-json\/wp\/v2\/media?parent=10"}],"curies":[{"name":"wp","href":"https:\/\/api.w.org\/{rel}","templated":true}]}}